{"id":2,"date":"2024-10-01T07:57:46","date_gmt":"2024-10-01T07:57:46","guid":{"rendered":"https:\/\/barmadariaga.rkinformatika.online\/?page_id=2"},"modified":"2025-04-10T16:14:37","modified_gmt":"2025-04-10T16:14:37","slug":"inicio","status":"publish","type":"page","link":"https:\/\/barellinea.com\/en\/","title":{"rendered":"Home"},"content":{"rendered":"<div data-elementor-type=\"wp-page\" data-elementor-id=\"2\" class=\"elementor elementor-2\" data-elementor-post-type=\"page\">\n\t\t\t\t\t\t<section class=\"elementor-section elementor-top-section elementor-element elementor-element-e017a01 elementor-section-boxed elementor-section-height-default elementor-section-height-default\" data-id=\"e017a01\" data-element_type=\"section\" data-e-type=\"section\">\n\t\t\t\t\t\t\t<div class=\"elementor-background-overlay\"><\/div>\n\t\t\t\t\t\t\t<div class=\"elementor-container elementor-column-gap-default\">\n\t\t\t\t\t<div class=\"elementor-column elementor-col-100 elementor-top-column elementor-element elementor-element-01285d4\" data-id=\"01285d4\" data-element_type=\"column\" data-e-type=\"column\">\n\t\t\t<div class=\"elementor-widget-wrap\">\n\t\t\t\t\t\t\t<\/div>\n\t\t<\/div>\n\t\t\t\t\t<\/div>\n\t\t<\/section>\n\t\t\t\t<section class=\"elementor-section elementor-top-section elementor-element elementor-element-5d9377e3 elementor-section-content-middle elementor-section-boxed elementor-section-height-default elementor-section-height-default\" data-id=\"5d9377e3\" data-element_type=\"section\" data-e-type=\"section\" data-settings=\"{&quot;background_background&quot;:&quot;classic&quot;}\">\n\t\t\t\t\t\t\t<div class=\"elementor-background-overlay\"><\/div>\n\t\t\t\t\t\t\t<div class=\"elementor-container elementor-column-gap-default\">\n\t\t\t\t\t<div class=\"elementor-column elementor-col-50 elementor-top-column elementor-element elementor-element-773819b5 elementor-invisible\" data-id=\"773819b5\" data-element_type=\"column\" data-e-type=\"column\" data-settings=\"{&quot;animation&quot;:&quot;fadeInLeft&quot;}\">\n\t\t\t<div class=\"elementor-widget-wrap elementor-element-populated\">\n\t\t\t\t\t\t<div class=\"elementor-element elementor-element-3bc6d5b4 elementor-invisible elementor-widget elementor-widget-heading\" data-id=\"3bc6d5b4\" data-element_type=\"widget\" data-e-type=\"widget\" data-settings=\"{&quot;_animation&quot;:&quot;fadeInUp&quot;}\" data-widget_type=\"heading.default\">\n\t\t\t\t<div class=\"elementor-widget-container\">\n\t\t\t\t\t<h6 class=\"elementor-heading-title elementor-size-default\">Who we are<\/h6>\t\t\t\t<\/div>\n\t\t\t\t<\/div>\n\t\t\t\t<div class=\"elementor-element elementor-element-e04149f elementor-invisible elementor-widget elementor-widget-heading\" data-id=\"e04149f\" data-element_type=\"widget\" data-e-type=\"widget\" data-settings=\"{&quot;_animation&quot;:&quot;fadeInUp&quot;}\" data-widget_type=\"heading.default\">\n\t\t\t\t<div class=\"elementor-widget-container\">\n\t\t\t\t\t<h2 class=\"elementor-heading-title elementor-size-default\">El Linea<\/h2>\t\t\t\t<\/div>\n\t\t\t\t<\/div>\n\t\t\t\t<div class=\"elementor-element elementor-element-5c24a83a elementor-invisible elementor-widget elementor-widget-text-editor\" data-id=\"5c24a83a\" data-element_type=\"widget\" data-e-type=\"widget\" data-settings=\"{&quot;_animation&quot;:&quot;fadeInUp&quot;}\" data-widget_type=\"text-editor.default\">\n\t\t\t\t<div class=\"elementor-widget-container\">\n\t\t\t\t\t\t\t\t\t<p class=\"\" data-start=\"84\" data-end=\"426\">With 43 years of history, at Bar Restaurante El L\u00ednea we remain true to our roots, serving quality homemade food in a family-friendly atmosphere. We\u2019re a small-town bar with heart, founded by our father and now run by Pascual, who keeps the soul of our kitchen alive with the same love and dedication as always.<\/p><p class=\"\" data-start=\"428\" data-end=\"824\">Every day, we serve homemade set menus prepared with fresh ingredients and traditional recipes, so you can enjoy dishes full of flavor and authenticity. And on weekends, our bar fills with the aroma of the sea, offering a special selection of fresh seafood: octopus, battered shrimp, prawns, mussels, and calamari \u2014 all expertly prepared for lovers of good food.<\/p>\t\t\t\t\t\t\t\t<\/div>\n\t\t\t\t<\/div>\n\t\t\t\t\t<\/div>\n\t\t<\/div>\n\t\t\t\t<div class=\"elementor-column elementor-col-50 elementor-top-column elementor-element elementor-element-198b79f5\" data-id=\"198b79f5\" data-element_type=\"column\" data-e-type=\"column\">\n\t\t\t<div class=\"elementor-widget-wrap elementor-element-populated\">\n\t\t\t\t\t\t<section class=\"elementor-section elementor-inner-section elementor-element elementor-element-12ffd329 elementor-section-boxed elementor-section-height-default elementor-section-height-default\" data-id=\"12ffd329\" data-element_type=\"section\" data-e-type=\"section\">\n\t\t\t\t\t\t<div class=\"elementor-container elementor-column-gap-default\">\n\t\t\t\t\t<div class=\"elementor-column elementor-col-100 elementor-inner-column elementor-element elementor-element-34b1871e elementor-invisible\" data-id=\"34b1871e\" data-element_type=\"column\" data-e-type=\"column\" data-settings=\"{&quot;animation&quot;:&quot;fadeInUp&quot;}\">\n\t\t\t<div class=\"elementor-widget-wrap elementor-element-populated\">\n\t\t\t\t\t\t<div class=\"elementor-element elementor-element-4b82cd78 elementor-widget elementor-widget-image\" data-id=\"4b82cd78\" data-element_type=\"widget\" data-e-type=\"widget\" data-widget_type=\"image.default\">\n\t\t\t\t<div class=\"elementor-widget-container\">\n\t\t\t\t\t\t\t\t\t\t\t\t\t\t\t<img fetchpriority=\"high\" decoding=\"async\" width=\"500\" height=\"500\" src=\"https:\/\/barellinea.com\/wp-content\/uploads\/2025\/04\/Diseno-sin-titulo-1.png\" class=\"attachment-full size-full wp-image-1502\" alt=\"\" srcset=\"https:\/\/barellinea.com\/wp-content\/uploads\/2025\/04\/Diseno-sin-titulo-1.png 500w, https:\/\/barellinea.com\/wp-content\/uploads\/2025\/04\/Diseno-sin-titulo-1-300x300.png 300w, https:\/\/barellinea.com\/wp-content\/uploads\/2025\/04\/Diseno-sin-titulo-1-150x150.png 150w, https:\/\/barellinea.com\/wp-content\/uploads\/2025\/04\/Diseno-sin-titulo-1-12x12.png 12w\" sizes=\"(max-width: 500px) 100vw, 500px\" \/>\t\t\t\t\t\t\t\t\t\t\t\t\t\t\t<\/div>\n\t\t\t\t<\/div>\n\t\t\t\t\t<\/div>\n\t\t<\/div>\n\t\t\t\t\t<\/div>\n\t\t<\/section>\n\t\t\t\t\t<\/div>\n\t\t<\/div>\n\t\t\t\t\t<\/div>\n\t\t<\/section>\n\t\t<div class=\"elementor-element elementor-element-a618a4b e-flex e-con-boxed e-con e-parent\" data-id=\"a618a4b\" data-element_type=\"container\" data-e-type=\"container\">\n\t\t\t\t\t<div class=\"e-con-inner\">\n\t\t\t\t<div class=\"elementor-element elementor-element-491e170 elementor-cta--skin-classic elementor-animated-content elementor-bg-transform elementor-bg-transform-zoom-in elementor-widget elementor-widget-call-to-action\" data-id=\"491e170\" data-element_type=\"widget\" data-e-type=\"widget\" data-widget_type=\"call-to-action.default\">\n\t\t\t\t<div class=\"elementor-widget-container\">\n\t\t\t\t\t\t\t<div class=\"elementor-cta\">\n\t\t\t\t\t<div class=\"elementor-cta__bg-wrapper\">\n\t\t\t\t<div class=\"elementor-cta__bg elementor-bg\" style=\"background-image: url(https:\/\/barellinea.com\/wp-content\/uploads\/2025\/04\/80861.jpg);\" role=\"img\" aria-label=\"80861\"><\/div>\n\t\t\t\t<div class=\"elementor-cta__bg-overlay\"><\/div>\n\t\t\t<\/div>\n\t\t\t\t\t\t\t<div class=\"elementor-cta__content\">\n\t\t\t\t\n\t\t\t\t\t\t\t\t\t<h2 class=\"elementor-cta__title elementor-cta__content-item elementor-content-item\">\n\t\t\t\t\t\tCome and enjoy the best homemade food with us!\t\t\t\t\t<\/h2>\n\t\t\t\t\n\t\t\t\t\t\t\t\t\t<div class=\"elementor-cta__description elementor-cta__content-item elementor-content-item\">\n\t\t\t\t\t\tMore than four decades of serving with passion and quality. Come try our specialties and experience a gastronomic journey with history and tradition.\t\t\t\t\t<\/div>\n\t\t\t\t\n\t\t\t\t\t\t\t\t\t<div class=\"elementor-cta__button-wrapper elementor-cta__content-item elementor-content-item\">\n\t\t\t\t\t<a class=\"elementor-cta__button elementor-button elementor-size-\" href=\"https:\/\/barellinea.com\/en\/productos\/\">\n\t\t\t\t\t\tServices\t\t\t\t\t<\/a>\n\t\t\t\t\t<\/div>\n\t\t\t\t\t\t\t<\/div>\n\t\t\t\t\t\t<\/div>\n\t\t\t\t\t\t<\/div>\n\t\t\t\t<\/div>\n\t\t\t\t\t<\/div>\n\t\t\t\t<\/div>\n\t\t\t\t<\/div>","protected":false},"excerpt":{"rendered":"<p>Qui\u00e9nes somos El Linea Con 43 a\u00f1os de historia, en Bar Restaurante El L\u00ednea seguimos fieles a nuestras ra\u00edces, ofreciendo comida casera de calidad en un ambiente familiar. Somos un bar de pueblo con alma, fundado por nuestro padre y hoy en manos de Pascual, quien mantiene viva la esencia de nuestra cocina con el [&hellip;]<\/p>\n","protected":false},"author":5,"featured_media":0,"parent":0,"menu_order":0,"comment_status":"closed","ping_status":"closed","template":"elementor_canvas","meta":{"footnotes":""},"class_list":["post-2","page","type-page","status-publish","hentry"],"yoast_head":"<!-- This site is optimized with the Yoast SEO plugin v27.3 - https:\/\/yoast.com\/product\/yoast-seo-wordpress\/ -->\n<title>Inicio - Bar El Linea<\/title>\n<meta name=\"robots\" content=\"index, follow, max-snippet:-1, max-image-preview:large, max-video-preview:-1\" \/>\n<link rel=\"canonical\" href=\"https:\/\/barellinea.com\/en\/\" \/>\n<meta property=\"og:locale\" content=\"en_GB\" \/>\n<meta property=\"og:type\" content=\"article\" \/>\n<meta property=\"og:title\" content=\"Inicio - Bar El Linea\" \/>\n<meta property=\"og:description\" content=\"Qui\u00e9nes somos El Linea Con 43 a\u00f1os de historia, en Bar Restaurante El L\u00ednea seguimos fieles a nuestras ra\u00edces, ofreciendo comida casera de calidad en un ambiente familiar. Somos un bar de pueblo con alma, fundado por nuestro padre y hoy en manos de Pascual, quien mantiene viva la esencia de nuestra cocina con el [&hellip;]\" \/>\n<meta property=\"og:url\" content=\"https:\/\/barellinea.com\/en\/\" \/>\n<meta property=\"og:site_name\" content=\"Bar El Linea\" \/>\n<meta property=\"article:modified_time\" content=\"2025-04-10T16:14:37+00:00\" \/>\n<meta property=\"og:image\" content=\"https:\/\/barellinea.com\/wp-content\/uploads\/2025\/04\/Diseno-sin-titulo-1.png\" \/>\n\t<meta property=\"og:image:width\" content=\"500\" \/>\n\t<meta property=\"og:image:height\" content=\"500\" \/>\n\t<meta property=\"og:image:type\" content=\"image\/png\" \/>\n<meta name=\"twitter:card\" content=\"summary_large_image\" \/>\n<meta name=\"twitter:label1\" content=\"Estimated reading time\" \/>\n\t<meta name=\"twitter:data1\" content=\"1 minute\" \/>\n<script type=\"application\/ld+json\" class=\"yoast-schema-graph\">{\"@context\":\"https:\\\/\\\/schema.org\",\"@graph\":[{\"@type\":\"WebPage\",\"@id\":\"https:\\\/\\\/barellinea.com\\\/\",\"url\":\"https:\\\/\\\/barellinea.com\\\/\",\"name\":\"Inicio - Bar El Linea\",\"isPartOf\":{\"@id\":\"https:\\\/\\\/barellinea.com\\\/#website\"},\"primaryImageOfPage\":{\"@id\":\"https:\\\/\\\/barellinea.com\\\/#primaryimage\"},\"image\":{\"@id\":\"https:\\\/\\\/barellinea.com\\\/#primaryimage\"},\"thumbnailUrl\":\"https:\\\/\\\/barellinea.com\\\/wp-content\\\/uploads\\\/2025\\\/04\\\/Diseno-sin-titulo-1.png\",\"datePublished\":\"2024-10-01T07:57:46+00:00\",\"dateModified\":\"2025-04-10T16:14:37+00:00\",\"breadcrumb\":{\"@id\":\"https:\\\/\\\/barellinea.com\\\/#breadcrumb\"},\"inLanguage\":\"en-GB\",\"potentialAction\":[{\"@type\":\"ReadAction\",\"target\":[\"https:\\\/\\\/barellinea.com\\\/\"]}]},{\"@type\":\"ImageObject\",\"inLanguage\":\"en-GB\",\"@id\":\"https:\\\/\\\/barellinea.com\\\/#primaryimage\",\"url\":\"https:\\\/\\\/barellinea.com\\\/wp-content\\\/uploads\\\/2025\\\/04\\\/Diseno-sin-titulo-1.png\",\"contentUrl\":\"https:\\\/\\\/barellinea.com\\\/wp-content\\\/uploads\\\/2025\\\/04\\\/Diseno-sin-titulo-1.png\"},{\"@type\":\"BreadcrumbList\",\"@id\":\"https:\\\/\\\/barellinea.com\\\/#breadcrumb\",\"itemListElement\":[{\"@type\":\"ListItem\",\"position\":1,\"name\":\"Portada\",\"item\":\"https:\\\/\\\/barellinea.com\\\/\"},{\"@type\":\"ListItem\",\"position\":2,\"name\":\"Inicio\"}]},{\"@type\":\"WebSite\",\"@id\":\"https:\\\/\\\/barellinea.com\\\/#website\",\"url\":\"https:\\\/\\\/barellinea.com\\\/\",\"name\":\"Bar El Linea\",\"description\":\"Bar restaurante\",\"publisher\":{\"@id\":\"https:\\\/\\\/barellinea.com\\\/#organization\"},\"potentialAction\":[{\"@type\":\"SearchAction\",\"target\":{\"@type\":\"EntryPoint\",\"urlTemplate\":\"https:\\\/\\\/barellinea.com\\\/?s={search_term_string}\"},\"query-input\":{\"@type\":\"PropertyValueSpecification\",\"valueRequired\":true,\"valueName\":\"search_term_string\"}}],\"inLanguage\":\"en-GB\"},{\"@type\":\"Organization\",\"@id\":\"https:\\\/\\\/barellinea.com\\\/#organization\",\"name\":\"Bar El Linea\",\"url\":\"https:\\\/\\\/barellinea.com\\\/\",\"logo\":{\"@type\":\"ImageObject\",\"inLanguage\":\"en-GB\",\"@id\":\"https:\\\/\\\/barellinea.com\\\/#\\\/schema\\\/logo\\\/image\\\/\",\"url\":\"https:\\\/\\\/barellinea.com\\\/wp-content\\\/uploads\\\/2025\\\/04\\\/cropped-Diseno-sin-titulo-1.png\",\"contentUrl\":\"https:\\\/\\\/barellinea.com\\\/wp-content\\\/uploads\\\/2025\\\/04\\\/cropped-Diseno-sin-titulo-1.png\",\"width\":433,\"height\":433,\"caption\":\"Bar El Linea\"},\"image\":{\"@id\":\"https:\\\/\\\/barellinea.com\\\/#\\\/schema\\\/logo\\\/image\\\/\"}}]}<\/script>\n<!-- \/ Yoast SEO plugin. -->","yoast_head_json":{"title":"Inicio - Bar El Linea","robots":{"index":"index","follow":"follow","max-snippet":"max-snippet:-1","max-image-preview":"max-image-preview:large","max-video-preview":"max-video-preview:-1"},"canonical":"https:\/\/barellinea.com\/en\/","og_locale":"en_GB","og_type":"article","og_title":"Inicio - Bar El Linea","og_description":"Qui\u00e9nes somos El Linea Con 43 a\u00f1os de historia, en Bar Restaurante El L\u00ednea seguimos fieles a nuestras ra\u00edces, ofreciendo comida casera de calidad en un ambiente familiar. Somos un bar de pueblo con alma, fundado por nuestro padre y hoy en manos de Pascual, quien mantiene viva la esencia de nuestra cocina con el [&hellip;]","og_url":"https:\/\/barellinea.com\/en\/","og_site_name":"Bar El Linea","article_modified_time":"2025-04-10T16:14:37+00:00","og_image":[{"width":500,"height":500,"url":"https:\/\/barellinea.com\/wp-content\/uploads\/2025\/04\/Diseno-sin-titulo-1.png","type":"image\/png"}],"twitter_card":"summary_large_image","twitter_misc":{"Estimated reading time":"1 minute"},"schema":{"@context":"https:\/\/schema.org","@graph":[{"@type":"WebPage","@id":"https:\/\/barellinea.com\/","url":"https:\/\/barellinea.com\/","name":"Inicio - Bar El Linea","isPartOf":{"@id":"https:\/\/barellinea.com\/#website"},"primaryImageOfPage":{"@id":"https:\/\/barellinea.com\/#primaryimage"},"image":{"@id":"https:\/\/barellinea.com\/#primaryimage"},"thumbnailUrl":"https:\/\/barellinea.com\/wp-content\/uploads\/2025\/04\/Diseno-sin-titulo-1.png","datePublished":"2024-10-01T07:57:46+00:00","dateModified":"2025-04-10T16:14:37+00:00","breadcrumb":{"@id":"https:\/\/barellinea.com\/#breadcrumb"},"inLanguage":"en-GB","potentialAction":[{"@type":"ReadAction","target":["https:\/\/barellinea.com\/"]}]},{"@type":"ImageObject","inLanguage":"en-GB","@id":"https:\/\/barellinea.com\/#primaryimage","url":"https:\/\/barellinea.com\/wp-content\/uploads\/2025\/04\/Diseno-sin-titulo-1.png","contentUrl":"https:\/\/barellinea.com\/wp-content\/uploads\/2025\/04\/Diseno-sin-titulo-1.png"},{"@type":"BreadcrumbList","@id":"https:\/\/barellinea.com\/#breadcrumb","itemListElement":[{"@type":"ListItem","position":1,"name":"Portada","item":"https:\/\/barellinea.com\/"},{"@type":"ListItem","position":2,"name":"Inicio"}]},{"@type":"WebSite","@id":"https:\/\/barellinea.com\/#website","url":"https:\/\/barellinea.com\/","name":"Bar El Linea","description":"Bar restaurante","publisher":{"@id":"https:\/\/barellinea.com\/#organization"},"potentialAction":[{"@type":"SearchAction","target":{"@type":"EntryPoint","urlTemplate":"https:\/\/barellinea.com\/?s={search_term_string}"},"query-input":{"@type":"PropertyValueSpecification","valueRequired":true,"valueName":"search_term_string"}}],"inLanguage":"en-GB"},{"@type":"Organization","@id":"https:\/\/barellinea.com\/#organization","name":"Bar El Linea","url":"https:\/\/barellinea.com\/","logo":{"@type":"ImageObject","inLanguage":"en-GB","@id":"https:\/\/barellinea.com\/#\/schema\/logo\/image\/","url":"https:\/\/barellinea.com\/wp-content\/uploads\/2025\/04\/cropped-Diseno-sin-titulo-1.png","contentUrl":"https:\/\/barellinea.com\/wp-content\/uploads\/2025\/04\/cropped-Diseno-sin-titulo-1.png","width":433,"height":433,"caption":"Bar El Linea"},"image":{"@id":"https:\/\/barellinea.com\/#\/schema\/logo\/image\/"}}]}},"_links":{"self":[{"href":"https:\/\/barellinea.com\/en\/wp-json\/wp\/v2\/pages\/2","targetHints":{"allow":["GET"]}}],"collection":[{"href":"https:\/\/barellinea.com\/en\/wp-json\/wp\/v2\/pages"}],"about":[{"href":"https:\/\/barellinea.com\/en\/wp-json\/wp\/v2\/types\/page"}],"author":[{"embeddable":true,"href":"https:\/\/barellinea.com\/en\/wp-json\/wp\/v2\/users\/5"}],"replies":[{"embeddable":true,"href":"https:\/\/barellinea.com\/en\/wp-json\/wp\/v2\/comments?post=2"}],"version-history":[{"count":466,"href":"https:\/\/barellinea.com\/en\/wp-json\/wp\/v2\/pages\/2\/revisions"}],"predecessor-version":[{"id":1675,"href":"https:\/\/barellinea.com\/en\/wp-json\/wp\/v2\/pages\/2\/revisions\/1675"}],"wp:attachment":[{"href":"https:\/\/barellinea.com\/en\/wp-json\/wp\/v2\/media?parent=2"}],"curies":[{"name":"wp","href":"https:\/\/api.w.org\/{rel}","templated":true}]}}